{"id":4789,"date":"2020-12-31T09:33:18","date_gmt":"2020-12-31T09:33:18","guid":{"rendered":"https:\/\/www.cattaruzzi.com\/contatti-2\/"},"modified":"2021-07-21T13:50:26","modified_gmt":"2021-07-21T13:50:26","slug":"contatti-2","status":"publish","type":"page","link":"https:\/\/www.cattaruzzi.com\/es\/contatti-2\/","title":{"rendered":"Contatti"},"content":{"rendered":"\t\t<div data-elementor-type=\"wp-page\" data-elementor-id=\"4789\" class=\"elementor elementor-4789 elementor-2979\" data-elementor-post-type=\"page\">\n\t\t\t\t\t\t\t\t\t<section class=\"elementor-section elementor-top-section elementor-element elementor-element-500c8fbc elementor-section-full_width elementor-hidden-phone elementor-section-height-default elementor-section-height-default\" data-id=\"500c8fbc\" data-element_type=\"section\">\n\t\t\t\t\t\t<div class=\"elementor-container elementor-column-gap-default\">\n\t\t\t\t\t<div class=\"elementor-column elementor-col-100 elementor-top-column elementor-element elementor-element-67aa1c9\" data-id=\"67aa1c9\" data-element_type=\"column\">\n\t\t\t<div class=\"elementor-widget-wrap elementor-element-populated\">\n\t\t\t\t\t\t\t\t<div class=\"elementor-element elementor-element-333d1fd7 elementor--h-position-center elementor--v-position-middle elementor-arrows-position-inside elementor-pagination-position-inside elementor-widget elementor-widget-slides\" data-id=\"333d1fd7\" data-element_type=\"widget\" data-settings=\"{&quot;transition_speed&quot;:800,&quot;navigation&quot;:&quot;both&quot;,&quot;autoplay&quot;:&quot;yes&quot;,&quot;pause_on_hover&quot;:&quot;yes&quot;,&quot;pause_on_interaction&quot;:&quot;yes&quot;,&quot;autoplay_speed&quot;:5000,&quot;infinite&quot;:&quot;yes&quot;,&quot;transition&quot;:&quot;slide&quot;}\" data-widget_type=\"slides.default\">\n\t\t\t\t<div class=\"elementor-widget-container\">\n\t\t\t\t\t<div class=\"elementor-swiper\">\n\t\t\t<div class=\"elementor-slides-wrapper elementor-main-swiper swiper-container\" dir=\"ltr\" data-animation=\"fadeInDown\">\n\t\t\t\t<div class=\"swiper-wrapper elementor-slides\">\n\t\t\t\t\t\t\t\t\t\t<div class=\"elementor-repeater-item-efc6b75 swiper-slide\"><div class=\"swiper-slide-bg\" role=\"img\"><\/div><div class=\"swiper-slide-inner\" ><div class=\"swiper-slide-contents\"><div class=\"elementor-slide-heading\">CONTACTOS<\/div><div class=\"elementor-slide-description\">SOBRE NOSOTROS<\/div><\/div><\/div><\/div>\t\t\t\t<\/div>\n\t\t\t\t\t\t\t<\/div>\n\t\t<\/div>\n\t\t\t\t<\/div>\n\t\t\t\t<\/div>\n\t\t\t\t\t<\/div>\n\t\t<\/div>\n\t\t\t\t\t\t\t<\/div>\n\t\t<\/section>\n\t\t\t\t<section class=\"elementor-section elementor-top-section elementor-element elementor-element-5c96863 elementor-section-full_width elementor-hidden-desktop elementor-hidden-tablet elementor-section-height-default elementor-section-height-default\" data-id=\"5c96863\" data-element_type=\"section\">\n\t\t\t\t\t\t<div class=\"elementor-container elementor-column-gap-default\">\n\t\t\t\t\t<div class=\"elementor-column elementor-col-100 elementor-top-column elementor-element elementor-element-2afa9e6\" data-id=\"2afa9e6\" data-element_type=\"column\">\n\t\t\t<div class=\"elementor-widget-wrap elementor-element-populated\">\n\t\t\t\t\t\t\t\t<div class=\"elementor-element elementor-element-d0f4654 elementor--h-position-center elementor--v-position-middle elementor-arrows-position-inside elementor-pagination-position-inside elementor-widget elementor-widget-slides\" data-id=\"d0f4654\" data-element_type=\"widget\" data-settings=\"{&quot;transition_speed&quot;:800,&quot;navigation&quot;:&quot;both&quot;,&quot;autoplay&quot;:&quot;yes&quot;,&quot;pause_on_hover&quot;:&quot;yes&quot;,&quot;pause_on_interaction&quot;:&quot;yes&quot;,&quot;autoplay_speed&quot;:5000,&quot;infinite&quot;:&quot;yes&quot;,&quot;transition&quot;:&quot;slide&quot;}\" data-widget_type=\"slides.default\">\n\t\t\t\t<div class=\"elementor-widget-container\">\n\t\t\t\t\t<div class=\"elementor-swiper\">\n\t\t\t<div class=\"elementor-slides-wrapper elementor-main-swiper swiper-container\" dir=\"ltr\" data-animation=\"fadeInDown\">\n\t\t\t\t<div class=\"swiper-wrapper elementor-slides\">\n\t\t\t\t\t\t\t\t\t\t<div class=\"elementor-repeater-item-efc6b75 swiper-slide\"><div class=\"swiper-slide-bg\" role=\"img\"><\/div><div class=\"swiper-slide-inner\" ><div class=\"swiper-slide-contents\"><div class=\"elementor-slide-heading\">CONTACTOS<\/div><div class=\"elementor-slide-description\">SOBRE NOSOTROS<\/div><\/div><\/div><\/div>\t\t\t\t<\/div>\n\t\t\t\t\t\t\t<\/div>\n\t\t<\/div>\n\t\t\t\t<\/div>\n\t\t\t\t<\/div>\n\t\t\t\t\t<\/div>\n\t\t<\/div>\n\t\t\t\t\t\t\t<\/div>\n\t\t<\/section>\n\t\t\t\t<section class=\"elementor-section elementor-top-section elementor-element elementor-element-b5a4c1f elementor-section-content-middle elementor-section-boxed elementor-section-height-default elementor-section-height-default\" data-id=\"b5a4c1f\" data-element_type=\"section\" data-settings=\"{&quot;background_background&quot;:&quot;gradient&quot;}\">\n\t\t\t\t\t\t<div class=\"elementor-container elementor-column-gap-no\">\n\t\t\t\t\t<div class=\"elementor-column elementor-col-100 elementor-top-column elementor-element elementor-element-795a4971\" data-id=\"795a4971\" data-element_type=\"column\" data-settings=\"{&quot;background_background&quot;:&quot;classic&quot;}\">\n\t\t\t<div class=\"elementor-widget-wrap elementor-element-populated\">\n\t\t\t\t\t\t\t\t<section class=\"elementor-section elementor-inner-section elementor-element elementor-element-7984f3ac elementor-section-boxed elementor-section-height-default elementor-section-height-default\" data-id=\"7984f3ac\" data-element_type=\"section\">\n\t\t\t\t\t\t<div class=\"elementor-container elementor-column-gap-default\">\n\t\t\t\t\t<div class=\"elementor-column elementor-col-50 elementor-inner-column elementor-element elementor-element-311dab0d\" data-id=\"311dab0d\" data-element_type=\"column\">\n\t\t\t<div class=\"elementor-widget-wrap elementor-element-populated\">\n\t\t\t\t\t\t\t\t<div class=\"elementor-element elementor-element-304efef6 elementor-widget elementor-widget-text-editor\" data-id=\"304efef6\" data-element_type=\"widget\" data-widget_type=\"text-editor.default\">\n\t\t\t\t<div class=\"elementor-widget-container\">\n\t\t\t\t\t\t\t<p>CONTACTOS<\/p>\t\t\t\t\t\t<\/div>\n\t\t\t\t<\/div>\n\t\t\t\t<div class=\"elementor-element elementor-element-1d2b27ca elementor-widget elementor-widget-heading\" data-id=\"1d2b27ca\" data-element_type=\"widget\" data-widget_type=\"heading.default\">\n\t\t\t\t<div class=\"elementor-widget-container\">\n\t\t\t<h2 class=\"elementor-heading-title elementor-size-default\">Siempre a tu lado<\/h2>\t\t<\/div>\n\t\t\t\t<\/div>\n\t\t\t\t<div class=\"elementor-element elementor-element-6b243ab9 elementor-widget elementor-widget-text-editor\" data-id=\"6b243ab9\" data-element_type=\"widget\" data-widget_type=\"text-editor.default\">\n\t\t\t\t<div class=\"elementor-widget-container\">\n\t\t\t\t\t\t\t<p class=\"p2\">Tienes alguna duda o curiosidad. \u00a1Cont\u00e1ctenos!<br \/>Nuestro personal est\u00e1 siempre a tu disposici\u00f3n.<\/p>\t\t\t\t\t\t<\/div>\n\t\t\t\t<\/div>\n\t\t\t\t<div class=\"elementor-element elementor-element-140c110 elementor-widget elementor-widget-text-editor\" data-id=\"140c110\" data-element_type=\"widget\" data-widget_type=\"text-editor.default\">\n\t\t\t\t<div class=\"elementor-widget-container\">\n\t\t\t\t\t\t\t<h5>CONTACTOS<\/h5>\t\t\t\t\t\t<\/div>\n\t\t\t\t<\/div>\n\t\t\t\t<div class=\"elementor-element elementor-element-7d9c390 elementor-position-left elementor-view-default elementor-mobile-position-top elementor-vertical-align-top elementor-widget elementor-widget-icon-box\" data-id=\"7d9c390\" data-element_type=\"widget\" data-widget_type=\"icon-box.default\">\n\t\t\t\t<div class=\"elementor-widget-container\">\n\t\t\t\t\t<div class=\"elementor-icon-box-wrapper\">\n\t\t\t\t\t\t<div class=\"elementor-icon-box-icon\">\n\t\t\t\t<span  class=\"elementor-icon elementor-animation-pulse\">\n\t\t\t\t<svg xmlns=\"http:\/\/www.w3.org\/2000\/svg\" xmlns:xlink=\"http:\/\/www.w3.org\/1999\/xlink\" width=\"22px\" height=\"22px\" viewBox=\"0 0 22 22\"><title>Component \/ icon \/ call<\/title><g id=\"Page-1\" stroke=\"none\" stroke-width=\"1\" fill=\"none\" fill-rule=\"evenodd\"><g id=\"prova-font-1\" transform=\"translate(-764.000000, -2097.000000)\" fill=\"#BD1010\" fill-rule=\"nonzero\"><g id=\"Group-10\" transform=\"translate(133.000000, 1580.000000)\"><g id=\"Shape\" transform=\"translate(631.000000, 517.000000)\"><path d=\"M13.6671163,14.758214 C13.2559721,14.6550698 12.8390977,14.9047442 12.7360558,15.3158884 C12.6329116,15.7270326 12.8826884,16.143907 13.2937302,16.2469488 L13.6671163,14.758214 Z M8.70622884,16.2469488 C9.11731163,16.143907 9.36708837,15.7270326 9.26394419,15.3158884 C9.16090233,14.9047442 8.74400744,14.6550698 8.33288372,14.758214 L8.70622884,16.2469488 Z M11,16.7984837 L11,16.0310419 L11,16.7984837 Z M20.4651163,11 C20.4651163,16.2274047 16.2274047,20.4651163 11,20.4651163 L11,22 C17.0751721,22 22,17.0751721 22,11 L20.4651163,11 Z M11,20.4651163 C5.77256465,20.4651163 1.53488372,16.2274047 1.53488372,11 L0,11 C0,17.0751721 4.92486884,22 11,22 L11,20.4651163 Z M1.53488372,11 C1.53488372,5.77256465 5.77256465,1.53488372 11,1.53488372 L11,0 C4.92486884,0 0,4.92486884 0,11 L1.53488372,11 Z M11,1.53488372 C16.2274047,1.53488372 20.4651163,5.77256465 20.4651163,11 L22,11 C22,4.92486884 17.0751721,0 11,0 L11,1.53488372 Z M16.372093,18.6886419 L16.372093,19.1860465 L17.9069767,19.1860465 L17.9069767,18.6886419 L16.372093,18.6886419 Z M5.62790698,19.1860465 L5.62790698,18.6886419 L4.09302326,18.6886419 L4.09302326,19.1860465 L5.62790698,19.1860465 Z M13.2937302,16.2469488 C14.2880279,16.4963163 15.0863721,16.8929302 15.6197953,17.3484837 C16.1526047,17.8035256 16.372093,18.2685953 16.372093,18.6886419 L17.9069767,18.6886419 C17.9069767,17.6862605 17.3744744,16.8285674 16.6165488,16.1812558 C15.8592372,15.5344558 14.828,15.0493302 13.6671163,14.758214 L13.2937302,16.2469488 Z M8.33288372,14.758214 C7.1719693,15.0493302 6.14077302,15.5344558 5.38342047,16.1812558 C4.62547442,16.8285674 4.09302326,17.6862605 4.09302326,18.6886419 L5.62790698,18.6886419 C5.62790698,18.2685953 5.84739535,17.8035256 6.38020465,17.3484837 C6.91358698,16.8929302 7.7119414,16.4963163 8.70622884,16.2469488 L8.33288372,14.758214 Z M11,17.5659256 C12.7296093,17.5659256 14.0808186,16.2124651 14.951507,14.5761767 C15.844707,12.8977302 16.372093,10.6903628 16.372093,8.4744307 L14.8372093,8.4744307 C14.8372093,10.4697488 14.3579163,12.4243721 13.5965116,13.8551907 C12.8126977,15.3280651 11.8615814,16.0310419 11,16.0310419 L11,17.5659256 Z M16.372093,8.4744307 C16.372093,5.9303814 13.8263349,4.09302326 11,4.09302326 L11,5.62790698 C13.3283163,5.62790698 14.8372093,7.08985302 14.8372093,8.4744307 L16.372093,8.4744307 Z M11,4.09302326 C8.17369581,4.09302326 5.62790698,5.9303814 5.62790698,8.4744307 L7.1627907,8.4744307 C7.1627907,7.08985302 8.67168372,5.62790698 11,5.62790698 L11,4.09302326 Z M5.62790698,8.4744307 C5.62790698,10.6903628 6.15531349,12.8977302 7.04848279,14.5761767 C7.91919163,16.2124651 9.2703907,17.5659256 11,17.5659256 L11,16.0310419 C10.1384186,16.0310419 9.18730233,15.3280651 8.40345767,13.8551907 C7.64210419,12.4243721 7.1627907,10.4697488 7.1627907,8.4744307 L5.62790698,8.4744307 Z\"><\/path><\/g><\/g><\/g><\/g><\/svg>\t\t\t\t<\/span>\n\t\t\t<\/div>\n\t\t\t\t\t\t<div class=\"elementor-icon-box-content\">\n\t\t\t\t<h3 class=\"elementor-icon-box-title\">\n\t\t\t\t\t<span  >\n\t\t\t\t\t\t+39 030 3531875\t\t\t\t\t<\/span>\n\t\t\t\t<\/h3>\n\t\t\t\t\t\t\t<\/div>\n\t\t<\/div>\n\t\t\t\t<\/div>\n\t\t\t\t<\/div>\n\t\t\t\t<div class=\"elementor-element elementor-element-441cb14 elementor-position-left elementor-view-default elementor-mobile-position-top elementor-vertical-align-top elementor-widget elementor-widget-icon-box\" data-id=\"441cb14\" data-element_type=\"widget\" data-widget_type=\"icon-box.default\">\n\t\t\t\t<div class=\"elementor-widget-container\">\n\t\t\t\t\t<div class=\"elementor-icon-box-wrapper\">\n\t\t\t\t\t\t<div class=\"elementor-icon-box-icon\">\n\t\t\t\t<span  class=\"elementor-icon elementor-animation-pulse\">\n\t\t\t\t<i aria-hidden=\"true\" class=\"fab fa-whatsapp\"><\/i>\t\t\t\t<\/span>\n\t\t\t<\/div>\n\t\t\t\t\t\t<div class=\"elementor-icon-box-content\">\n\t\t\t\t<h3 class=\"elementor-icon-box-title\">\n\t\t\t\t\t<span  >\n\t\t\t\t\t\t+39 331 133 7378\t\t\t\t\t<\/span>\n\t\t\t\t<\/h3>\n\t\t\t\t\t\t\t<\/div>\n\t\t<\/div>\n\t\t\t\t<\/div>\n\t\t\t\t<\/div>\n\t\t\t\t<div class=\"elementor-element elementor-element-4902f09 elementor-position-left elementor-view-default elementor-mobile-position-top elementor-vertical-align-top elementor-widget elementor-widget-icon-box\" data-id=\"4902f09\" data-element_type=\"widget\" data-widget_type=\"icon-box.default\">\n\t\t\t\t<div class=\"elementor-widget-container\">\n\t\t\t\t\t<div class=\"elementor-icon-box-wrapper\">\n\t\t\t\t\t\t<div class=\"elementor-icon-box-icon\">\n\t\t\t\t<a href=\"mailto:cattaruzzi@cattaruzzi.com\" class=\"elementor-icon elementor-animation-pulse\" tabindex=\"-1\">\n\t\t\t\t<svg xmlns=\"http:\/\/www.w3.org\/2000\/svg\" xmlns:xlink=\"http:\/\/www.w3.org\/1999\/xlink\" width=\"22px\" height=\"17px\" viewBox=\"0 0 22 17\"><title>Component \/ icon \/ call<\/title><g id=\"Page-1\" stroke=\"none\" stroke-width=\"1\" fill=\"none\" fill-rule=\"evenodd\"><g id=\"prova-font-1\" transform=\"translate(-764.000000, -2130.000000)\" fill=\"#BD1010\" fill-rule=\"nonzero\"><g id=\"Group-10\" transform=\"translate(133.000000, 1580.000000)\"><g id=\"Group-13\" transform=\"translate(631.000000, 547.000000)\"><g id=\"email\" transform=\"translate(0.000000, 3.000000)\"><path d=\"M20.0664062,0 L1.93359375,0 C0.868742187,0 0,0.867796875 0,1.93359375 L0,14.8242188 C0,15.8864063 0.864875,16.7578125 1.93359375,16.7578125 L20.0664062,16.7578125 C21.1285938,16.7578125 22,15.8929375 22,14.8242188 L22,1.93359375 C22,0.87140625 21.135125,0 20.0664062,0 Z M19.7993984,1.2890625 L11.0409922,10.0475117 L2.20683203,1.2890625 L19.7993984,1.2890625 Z M1.2890625,14.5572969 L1.2890625,2.19437109 L7.49714453,8.34921484 L1.2890625,14.5572969 Z M2.20055859,15.46875 L8.41255078,9.25675781 L10.5892188,11.4147344 C10.8411875,11.6645547 11.2478008,11.6637383 11.4987383,11.4127578 L13.6210938,9.29040234 L19.7994414,15.46875 L2.20055859,15.46875 Z M20.7109375,14.5572539 L14.5325898,8.37890625 L20.7109375,2.20051562 L20.7109375,14.5572539 Z\" id=\"Shape\"><\/path><\/g><\/g><\/g><\/g><\/g><\/svg>\t\t\t\t<\/a>\n\t\t\t<\/div>\n\t\t\t\t\t\t<div class=\"elementor-icon-box-content\">\n\t\t\t\t<h3 class=\"elementor-icon-box-title\">\n\t\t\t\t\t<a href=\"mailto:cattaruzzi@cattaruzzi.com\" >\n\t\t\t\t\t\tcattaruzzi@cattaruzzi.com\t\t\t\t\t<\/a>\n\t\t\t\t<\/h3>\n\t\t\t\t\t\t\t<\/div>\n\t\t<\/div>\n\t\t\t\t<\/div>\n\t\t\t\t<\/div>\n\t\t\t\t\t<\/div>\n\t\t<\/div>\n\t\t\t\t<div class=\"elementor-column elementor-col-50 elementor-inner-column elementor-element elementor-element-61a20da5\" data-id=\"61a20da5\" data-element_type=\"column\">\n\t\t\t<div class=\"elementor-widget-wrap elementor-element-populated\">\n\t\t\t\t\t\t\t\t<div class=\"elementor-element elementor-element-47b2e9f1 elementor-widget elementor-widget-image\" data-id=\"47b2e9f1\" data-element_type=\"widget\" data-widget_type=\"image.default\">\n\t\t\t\t<div class=\"elementor-widget-container\">\n\t\t\t\t\t\t\t\t\t\t\t\t\t\t\t<img fetchpriority=\"high\" decoding=\"async\" width=\"1280\" height=\"800\" src=\"https:\/\/www.cattaruzzi.com\/wp-content\/uploads\/2021\/01\/catta.jpg\" class=\"attachment-full size-full wp-image-4465\" alt=\"catta\" srcset=\"https:\/\/www.cattaruzzi.com\/wp-content\/uploads\/2021\/01\/catta.jpg 1280w, https:\/\/www.cattaruzzi.com\/wp-content\/uploads\/2021\/01\/catta-300x188.jpg 300w, https:\/\/www.cattaruzzi.com\/wp-content\/uploads\/2021\/01\/catta-1024x640.jpg 1024w, https:\/\/www.cattaruzzi.com\/wp-content\/uploads\/2021\/01\/catta-768x480.jpg 768w, https:\/\/www.cattaruzzi.com\/wp-content\/uploads\/2021\/01\/catta-1200x750.jpg 1200w\" sizes=\"(max-width: 1280px) 100vw, 1280px\" \/>\t\t\t\t\t\t\t\t\t\t\t\t\t\t\t<\/div>\n\t\t\t\t<\/div>\n\t\t\t\t\t<\/div>\n\t\t<\/div>\n\t\t\t\t\t\t\t<\/div>\n\t\t<\/section>\n\t\t\t\t\t<\/div>\n\t\t<\/div>\n\t\t\t\t\t\t\t<\/div>\n\t\t<\/section>\n\t\t\t\t<section class=\"elementor-section elementor-top-section elementor-element elementor-element-3fc365b8 elementor-section-content-top elementor-section-boxed elementor-section-height-default elementor-section-height-default\" data-id=\"3fc365b8\" data-element_type=\"section\" data-settings=\"{&quot;background_background&quot;:&quot;classic&quot;}\">\n\t\t\t\t\t\t<div class=\"elementor-container elementor-column-gap-no\">\n\t\t\t\t\t<div class=\"elementor-column elementor-col-50 elementor-top-column elementor-element elementor-element-55c6dc7c\" data-id=\"55c6dc7c\" data-element_type=\"column\" data-settings=\"{&quot;background_background&quot;:&quot;classic&quot;}\">\n\t\t\t<div class=\"elementor-widget-wrap elementor-element-populated\">\n\t\t\t\t\t\t\t\t<div class=\"elementor-element elementor-element-3a168d54 elementor-widget elementor-widget-text-editor\" data-id=\"3a168d54\" data-element_type=\"widget\" data-widget_type=\"text-editor.default\">\n\t\t\t\t<div class=\"elementor-widget-container\">\n\t\t\t\t\t\t\t<p>CONTACTOS<\/p>\t\t\t\t\t\t<\/div>\n\t\t\t\t<\/div>\n\t\t\t\t<div class=\"elementor-element elementor-element-22dfc794 elementor-widget elementor-widget-heading\" data-id=\"22dfc794\" data-element_type=\"widget\" data-widget_type=\"heading.default\">\n\t\t\t\t<div class=\"elementor-widget-container\">\n\t\t\t<h2 class=\"elementor-heading-title elementor-size-default\">Oficina de Brescia<\/h2>\t\t<\/div>\n\t\t\t\t<\/div>\n\t\t\t\t<div class=\"elementor-element elementor-element-10099885 elementor-widget elementor-widget-text-editor\" data-id=\"10099885\" data-element_type=\"widget\" data-widget_type=\"text-editor.default\">\n\t\t\t\t<div class=\"elementor-widget-container\">\n\t\t\t\t\t\t\t<p class=\"p2\"><span class=\"s1\"><b>Via IV novembre, 34 &#8211; San Zeno Naviglio (BS) &#8211; Italia<\/b><br \/><\/span><\/p>\t\t\t\t\t\t<\/div>\n\t\t\t\t<\/div>\n\t\t\t\t\t<\/div>\n\t\t<\/div>\n\t\t\t\t<div class=\"elementor-column elementor-col-50 elementor-top-column elementor-element elementor-element-3dba77b8\" data-id=\"3dba77b8\" data-element_type=\"column\" data-settings=\"{&quot;background_background&quot;:&quot;classic&quot;}\">\n\t\t\t<div class=\"elementor-widget-wrap elementor-element-populated\">\n\t\t\t\t\t\t\t\t<div class=\"elementor-element elementor-element-284f516 elementor-widget elementor-widget-google_maps\" data-id=\"284f516\" data-element_type=\"widget\" data-widget_type=\"google_maps.default\">\n\t\t\t\t<div class=\"elementor-widget-container\">\n\t\t\t\t\t<div class=\"elementor-custom-embed\">\n\t\t\t<iframe loading=\"lazy\"\n\t\t\t\t\tsrc=\"https:\/\/maps.google.com\/maps?q=Cataruzzi%20srl%2C%20Via%20IV%20novembre%2034%2C%20San%20Zeno%20Naviglio%2C%20Brescia&#038;t=m&#038;z=12&#038;output=embed&#038;iwloc=near\"\n\t\t\t\t\ttitle=\"Cataruzzi srl, Via IV novembre 34, San Zeno Naviglio, Brescia\"\n\t\t\t\t\taria-label=\"Cataruzzi srl, Via IV novembre 34, San Zeno Naviglio, Brescia\"\n\t\t\t><\/iframe>\n\t\t<\/div>\n\t\t\t\t<\/div>\n\t\t\t\t<\/div>\n\t\t\t\t\t<\/div>\n\t\t<\/div>\n\t\t\t\t\t\t\t<\/div>\n\t\t<\/section>\n\t\t\t\t<section class=\"elementor-section elementor-top-section elementor-element elementor-element-41a75641 elementor-section-boxed elementor-section-height-default elementor-section-height-default\" data-id=\"41a75641\" data-element_type=\"section\" data-settings=\"{&quot;background_background&quot;:&quot;classic&quot;}\">\n\t\t\t\t\t\t<div class=\"elementor-container elementor-column-gap-default\">\n\t\t\t\t\t<div class=\"elementor-column elementor-col-100 elementor-top-column elementor-element elementor-element-380d6de\" data-id=\"380d6de\" data-element_type=\"column\" data-settings=\"{&quot;background_background&quot;:&quot;classic&quot;}\">\n\t\t\t<div class=\"elementor-widget-wrap elementor-element-populated\">\n\t\t\t\t\t\t\t\t<div class=\"elementor-element elementor-element-107749ba elementor-widget elementor-widget-text-editor\" data-id=\"107749ba\" data-element_type=\"widget\" data-widget_type=\"text-editor.default\">\n\t\t\t\t<div class=\"elementor-widget-container\">\n\t\t\t\t\t\t\t<p>\u00bfPREGUNTAS?<\/p>\t\t\t\t\t\t<\/div>\n\t\t\t\t<\/div>\n\t\t\t\t<div class=\"elementor-element elementor-element-14c69622 elementor-widget elementor-widget-heading\" data-id=\"14c69622\" data-element_type=\"widget\" data-widget_type=\"heading.default\">\n\t\t\t\t<div class=\"elementor-widget-container\">\n\t\t\t<h2 class=\"elementor-heading-title elementor-size-default\">CONT\u00c1CTENOS<\/h2>\t\t<\/div>\n\t\t\t\t<\/div>\n\t\t\t\t<div class=\"elementor-element elementor-element-60883e60 elementor-widget elementor-widget-text-editor\" data-id=\"60883e60\" data-element_type=\"widget\" data-widget_type=\"text-editor.default\">\n\t\t\t\t<div class=\"elementor-widget-container\">\n\t\t\t\t\t\t\t<p class=\"p2\">\u00bfEst\u00e1s deseando empezar tu nuevo proyecto? <br \/>Cont\u00e1ctenos y encontraremos la soluci\u00f3n adecuada para usted.<\/p>\t\t\t\t\t\t<\/div>\n\t\t\t\t<\/div>\n\t\t\t\t<div class=\"elementor-element elementor-element-3210ff49 elementor-button-align-center elementor-widget elementor-widget-form\" data-id=\"3210ff49\" data-element_type=\"widget\" data-settings=\"{&quot;step_next_label&quot;:&quot;Next&quot;,&quot;step_previous_label&quot;:&quot;Previous&quot;,&quot;button_width&quot;:&quot;100&quot;,&quot;step_type&quot;:&quot;number_text&quot;,&quot;step_icon_shape&quot;:&quot;circle&quot;}\" data-widget_type=\"form.default\">\n\t\t\t\t<div class=\"elementor-widget-container\">\n\t\t\t\t\t<form class=\"elementor-form\" method=\"post\" name=\"New Form\">\n\t\t\t<input type=\"hidden\" name=\"post_id\" value=\"4789\"\/>\n\t\t\t<input type=\"hidden\" name=\"form_id\" value=\"3210ff49\"\/>\n\t\t\t<input type=\"hidden\" name=\"referer_title\" value=\"\" \/>\n\n\t\t\t\n\t\t\t<div class=\"elementor-form-fields-wrapper elementor-labels-above\">\n\t\t\t\t\t\t\t\t<div class=\"elementor-field-type-text elementor-field-group elementor-column elementor-field-group-name elementor-col-50\">\n\t\t\t\t\t\t\t\t\t\t\t\t\t<input size=\"1\" type=\"text\" name=\"form_fields[name]\" id=\"form-field-name\" class=\"elementor-field elementor-size-sm  elementor-field-textual\" placeholder=\"Nombre\">\n\t\t\t\t\t\t\t\t\t\t\t<\/div>\n\t\t\t\t\t\t\t\t<div class=\"elementor-field-type-email elementor-field-group elementor-column elementor-field-group-field_18dd348 elementor-col-50 elementor-field-required\">\n\t\t\t\t\t\t\t\t\t\t\t\t\t<input size=\"1\" type=\"email\" name=\"form_fields[field_18dd348]\" id=\"form-field-field_18dd348\" class=\"elementor-field elementor-size-sm  elementor-field-textual\" placeholder=\"Email\" required=\"required\" aria-required=\"true\">\n\t\t\t\t\t\t\t\t\t\t\t<\/div>\n\t\t\t\t\t\t\t\t<div class=\"elementor-field-type-textarea elementor-field-group elementor-column elementor-field-group-message elementor-col-100\">\n\t\t\t\t\t<textarea class=\"elementor-field-textual elementor-field  elementor-size-sm\" name=\"form_fields[message]\" id=\"form-field-message\" rows=\"4\" placeholder=\"Mensaje\"><\/textarea>\t\t\t\t<\/div>\n\t\t\t\t\t\t\t\t<div class=\"elementor-field-group elementor-column elementor-field-type-submit elementor-col-100 e-form__buttons\">\n\t\t\t\t\t<button type=\"submit\" class=\"elementor-button elementor-size-lg\">\n\t\t\t\t\t\t<span >\n\t\t\t\t\t\t\t\t\t\t\t\t\t\t\t<span class=\" elementor-button-icon\">\n\t\t\t\t\t\t\t\t\t\t\t\t\t\t\t\t\t\t\t\t\t\t\t\t\t\t<\/span>\n\t\t\t\t\t\t\t\t\t\t\t\t\t\t\t\t\t\t\t\t\t\t<span class=\"elementor-button-text\">ENVIAR<\/span>\n\t\t\t\t\t\t\t\t\t\t\t\t\t<\/span>\n\t\t\t\t\t<\/button>\n\t\t\t\t<\/div>\n\t\t\t<\/div>\n\t\t<\/form>\n\t\t\t\t<\/div>\n\t\t\t\t<\/div>\n\t\t\t\t\t<\/div>\n\t\t<\/div>\n\t\t\t\t\t\t\t<\/div>\n\t\t<\/section>\n\t\t\t\t\t\t\t<\/div>\n\t\t","protected":false},"excerpt":{"rendered":"<p>CONTACTOSSOBRE NOSOTROS CONTACTOSSOBRE NOSOTROS CONTACTOS Siempre a tu lado Tienes alguna duda o curiosidad. \u00a1Cont\u00e1ctenos!Nuestro personal est\u00e1 siempre a tu disposici\u00f3n. CONTACTOS Component \/ icon \/ call +39 030 3531875 +39 331 133 7378 Component \/ icon \/ call cattaruzzi@cattaruzzi.com CONTACTOS Oficina de Brescia Via IV novembre, 34 &#8211; San Zeno Naviglio (BS) &#8211; Italia [&hellip;]<\/p>\n","protected":false},"author":1,"featured_media":0,"parent":0,"menu_order":0,"comment_status":"closed","ping_status":"closed","template":"elementor_header_footer","meta":[],"_links":{"self":[{"href":"https:\/\/www.cattaruzzi.com\/es\/wp-json\/wp\/v2\/pages\/4789"}],"collection":[{"href":"https:\/\/www.cattaruzzi.com\/es\/wp-json\/wp\/v2\/pages"}],"about":[{"href":"https:\/\/www.cattaruzzi.com\/es\/wp-json\/wp\/v2\/types\/page"}],"author":[{"embeddable":true,"href":"https:\/\/www.cattaruzzi.com\/es\/wp-json\/wp\/v2\/users\/1"}],"replies":[{"embeddable":true,"href":"https:\/\/www.cattaruzzi.com\/es\/wp-json\/wp\/v2\/comments?post=4789"}],"version-history":[{"count":34,"href":"https:\/\/www.cattaruzzi.com\/es\/wp-json\/wp\/v2\/pages\/4789\/revisions"}],"predecessor-version":[{"id":13713,"href":"https:\/\/www.cattaruzzi.com\/es\/wp-json\/wp\/v2\/pages\/4789\/revisions\/13713"}],"wp:attachment":[{"href":"https:\/\/www.cattaruzzi.com\/es\/wp-json\/wp\/v2\/media?parent=4789"}],"curies":[{"name":"wp","href":"https:\/\/api.w.org\/{rel}","templated":true}]}}