{"id":4838,"date":"2020-12-14T16:25:47","date_gmt":"2020-12-14T16:25:47","guid":{"rendered":"https:\/\/www.cattaruzzi.com\/lazienda\/"},"modified":"2021-02-11T11:20:37","modified_gmt":"2021-02-11T11:20:37","slug":"lazienda","status":"publish","type":"page","link":"https:\/\/www.cattaruzzi.com\/es\/lazienda\/","title":{"rendered":"La empresa"},"content":{"rendered":"\t\t<div data-elementor-type=\"wp-page\" data-elementor-id=\"4838\" class=\"elementor elementor-4838 elementor-544\" data-elementor-post-type=\"page\">\n\t\t\t\t\t\t\t\t\t<section class=\"elementor-section elementor-top-section elementor-element elementor-element-178a9065 elementor-section-full_width elementor-hidden-phone elementor-section-height-default elementor-section-height-default\" data-id=\"178a9065\" data-element_type=\"section\">\n\t\t\t\t\t\t<div class=\"elementor-container elementor-column-gap-default\">\n\t\t\t\t\t<div class=\"elementor-column elementor-col-100 elementor-top-column elementor-element elementor-element-726ac932\" data-id=\"726ac932\" data-element_type=\"column\">\n\t\t\t<div class=\"elementor-widget-wrap elementor-element-populated\">\n\t\t\t\t\t\t\t\t<div class=\"elementor-element elementor-element-10365660 elementor--h-position-center elementor--v-position-middle elementor-arrows-position-inside elementor-pagination-position-inside elementor-widget elementor-widget-slides\" data-id=\"10365660\" data-element_type=\"widget\" data-settings=\"{&quot;transition_speed&quot;:800,&quot;navigation&quot;:&quot;both&quot;,&quot;autoplay&quot;:&quot;yes&quot;,&quot;pause_on_hover&quot;:&quot;yes&quot;,&quot;pause_on_interaction&quot;:&quot;yes&quot;,&quot;autoplay_speed&quot;:5000,&quot;infinite&quot;:&quot;yes&quot;,&quot;transition&quot;:&quot;slide&quot;}\" data-widget_type=\"slides.default\">\n\t\t\t\t<div class=\"elementor-widget-container\">\n\t\t\t\t\t<div class=\"elementor-swiper\">\n\t\t\t<div class=\"elementor-slides-wrapper elementor-main-swiper swiper-container\" dir=\"ltr\" data-animation=\"fadeInDown\">\n\t\t\t\t<div class=\"swiper-wrapper elementor-slides\">\n\t\t\t\t\t\t\t\t\t\t<div class=\"elementor-repeater-item-efc6b75 swiper-slide\"><div class=\"swiper-slide-bg\" role=\"img\"><\/div><div class=\"swiper-slide-inner\" ><div class=\"swiper-slide-contents\"><div class=\"elementor-slide-heading\">EMPRESA<\/div><div class=\"elementor-slide-description\">SOBRE NOSOTROS<\/div><\/div><\/div><\/div>\t\t\t\t<\/div>\n\t\t\t\t\t\t\t<\/div>\n\t\t<\/div>\n\t\t\t\t<\/div>\n\t\t\t\t<\/div>\n\t\t\t\t\t<\/div>\n\t\t<\/div>\n\t\t\t\t\t\t\t<\/div>\n\t\t<\/section>\n\t\t\t\t<section class=\"elementor-section elementor-top-section elementor-element elementor-element-741fbf1 elementor-section-full_width elementor-hidden-desktop elementor-hidden-tablet elementor-section-height-default elementor-section-height-default\" data-id=\"741fbf1\" data-element_type=\"section\">\n\t\t\t\t\t\t<div class=\"elementor-container elementor-column-gap-default\">\n\t\t\t\t\t<div class=\"elementor-column elementor-col-100 elementor-top-column elementor-element elementor-element-1daf415\" data-id=\"1daf415\" data-element_type=\"column\">\n\t\t\t<div class=\"elementor-widget-wrap elementor-element-populated\">\n\t\t\t\t\t\t\t\t<div class=\"elementor-element elementor-element-3d9320a elementor--h-position-center elementor--v-position-middle elementor-arrows-position-inside elementor-pagination-position-inside elementor-widget elementor-widget-slides\" data-id=\"3d9320a\" data-element_type=\"widget\" data-settings=\"{&quot;transition_speed&quot;:800,&quot;navigation&quot;:&quot;both&quot;,&quot;autoplay&quot;:&quot;yes&quot;,&quot;pause_on_hover&quot;:&quot;yes&quot;,&quot;pause_on_interaction&quot;:&quot;yes&quot;,&quot;autoplay_speed&quot;:5000,&quot;infinite&quot;:&quot;yes&quot;,&quot;transition&quot;:&quot;slide&quot;}\" data-widget_type=\"slides.default\">\n\t\t\t\t<div class=\"elementor-widget-container\">\n\t\t\t\t\t<div class=\"elementor-swiper\">\n\t\t\t<div class=\"elementor-slides-wrapper elementor-main-swiper swiper-container\" dir=\"ltr\" data-animation=\"fadeInDown\">\n\t\t\t\t<div class=\"swiper-wrapper elementor-slides\">\n\t\t\t\t\t\t\t\t\t\t<div class=\"elementor-repeater-item-efc6b75 swiper-slide\"><div class=\"swiper-slide-bg\" role=\"img\"><\/div><div class=\"swiper-slide-inner\" ><div class=\"swiper-slide-contents\"><div class=\"elementor-slide-heading\">EMPRESA<\/div><div class=\"elementor-slide-description\">SOBRE NOSOTROS<\/div><\/div><\/div><\/div>\t\t\t\t<\/div>\n\t\t\t\t\t\t\t<\/div>\n\t\t<\/div>\n\t\t\t\t<\/div>\n\t\t\t\t<\/div>\n\t\t\t\t\t<\/div>\n\t\t<\/div>\n\t\t\t\t\t\t\t<\/div>\n\t\t<\/section>\n\t\t\t\t<section class=\"elementor-section elementor-top-section elementor-element elementor-element-2451611e elementor-section-boxed elementor-section-height-default elementor-section-height-default\" data-id=\"2451611e\" data-element_type=\"section\">\n\t\t\t\t\t\t<div class=\"elementor-container elementor-column-gap-no\">\n\t\t\t\t\t<div class=\"elementor-column elementor-col-50 elementor-top-column elementor-element elementor-element-65c26ee0\" data-id=\"65c26ee0\" data-element_type=\"column\" data-settings=\"{&quot;background_background&quot;:&quot;classic&quot;}\">\n\t\t\t<div class=\"elementor-widget-wrap elementor-element-populated\">\n\t\t\t\t\t\t\t\t<div class=\"elementor-element elementor-element-36659eb elementor-widget elementor-widget-text-editor\" data-id=\"36659eb\" data-element_type=\"widget\" data-widget_type=\"text-editor.default\">\n\t\t\t\t<div class=\"elementor-widget-container\">\n\t\t\t\t\t\t\t<p>QUIENES SOMOS<\/p>\t\t\t\t\t\t<\/div>\n\t\t\t\t<\/div>\n\t\t\t\t<div class=\"elementor-element elementor-element-6b3ba9b elementor-widget elementor-widget-heading\" data-id=\"6b3ba9b\" data-element_type=\"widget\" data-widget_type=\"heading.default\">\n\t\t\t\t<div class=\"elementor-widget-container\">\n\t\t\t<h2 class=\"elementor-heading-title elementor-size-default\">Tradici\u00f3n e innovaci\u00f3n italiana desde 1956<\/h2>\t\t<\/div>\n\t\t\t\t<\/div>\n\t\t\t\t<div class=\"elementor-element elementor-element-2f989d2 elementor-widget elementor-widget-text-editor\" data-id=\"2f989d2\" data-element_type=\"widget\" data-widget_type=\"text-editor.default\">\n\t\t\t\t<div class=\"elementor-widget-container\">\n\t\t\t\t\t\t\t<p>Cattaruzzi es sin\u00f3nimo de garant\u00eda, fiabilidad e innovaci\u00f3n.<br \/>Dise\u00f1amos, construimos e instalamos equipos para plantas de sacrificio de pollos desde 1956.<\/p><p>Acompa\u00f1amos a nuestros clientes en cada elecci\u00f3n y tratamos de crear una relaci\u00f3n de beneficio para ambos.<\/p>\t\t\t\t\t\t<\/div>\n\t\t\t\t<\/div>\n\t\t\t\t\t<\/div>\n\t\t<\/div>\n\t\t\t\t<div class=\"elementor-column elementor-col-50 elementor-top-column elementor-element elementor-element-2b25a919\" data-id=\"2b25a919\" data-element_type=\"column\">\n\t\t\t<div class=\"elementor-widget-wrap elementor-element-populated\">\n\t\t\t\t\t\t\t\t<div class=\"elementor-element elementor-element-7cccc7b3 elementor-widget elementor-widget-image\" data-id=\"7cccc7b3\" data-element_type=\"widget\" data-widget_type=\"image.default\">\n\t\t\t\t<div class=\"elementor-widget-container\">\n\t\t\t\t\t\t\t\t\t\t\t\t\t\t\t<img fetchpriority=\"high\" decoding=\"async\" width=\"2560\" height=\"1600\" src=\"https:\/\/www.cattaruzzi.com\/wp-content\/uploads\/2021\/01\/esterno1-scaled.jpg\" class=\"attachment-full size-full wp-image-4293\" alt=\"sede cattaruzzi 2021\" srcset=\"https:\/\/www.cattaruzzi.com\/wp-content\/uploads\/2021\/01\/esterno1-scaled.jpg 2560w, https:\/\/www.cattaruzzi.com\/wp-content\/uploads\/2021\/01\/esterno1-300x188.jpg 300w, https:\/\/www.cattaruzzi.com\/wp-content\/uploads\/2021\/01\/esterno1-1024x640.jpg 1024w, https:\/\/www.cattaruzzi.com\/wp-content\/uploads\/2021\/01\/esterno1-768x480.jpg 768w, https:\/\/www.cattaruzzi.com\/wp-content\/uploads\/2021\/01\/esterno1-1536x960.jpg 1536w, https:\/\/www.cattaruzzi.com\/wp-content\/uploads\/2021\/01\/esterno1-2048x1280.jpg 2048w, https:\/\/www.cattaruzzi.com\/wp-content\/uploads\/2021\/01\/esterno1-1200x750.jpg 1200w, https:\/\/www.cattaruzzi.com\/wp-content\/uploads\/2021\/01\/esterno1-1980x1238.jpg 1980w\" sizes=\"(max-width: 2560px) 100vw, 2560px\" \/>\t\t\t\t\t\t\t\t\t\t\t\t\t\t\t<\/div>\n\t\t\t\t<\/div>\n\t\t\t\t\t<\/div>\n\t\t<\/div>\n\t\t\t\t\t\t\t<\/div>\n\t\t<\/section>\n\t\t\t\t<section class=\"elementor-section elementor-top-section elementor-element elementor-element-8a78dd4 elementor-section-content-top elementor-section-boxed elementor-section-height-default elementor-section-height-default\" data-id=\"8a78dd4\" data-element_type=\"section\">\n\t\t\t\t\t\t<div class=\"elementor-container elementor-column-gap-no\">\n\t\t\t\t\t<div class=\"elementor-column elementor-col-50 elementor-top-column elementor-element elementor-element-07ae3e0\" data-id=\"07ae3e0\" data-element_type=\"column\" data-settings=\"{&quot;background_background&quot;:&quot;classic&quot;}\">\n\t\t\t<div class=\"elementor-widget-wrap elementor-element-populated\">\n\t\t\t\t\t\t\t\t<div class=\"elementor-element elementor-element-81f3ea1 elementor-widget elementor-widget-text-editor\" data-id=\"81f3ea1\" data-element_type=\"widget\" data-widget_type=\"text-editor.default\">\n\t\t\t\t<div class=\"elementor-widget-container\">\n\t\t\t\t\t\t\t<p>EMPRESA<\/p>\t\t\t\t\t\t<\/div>\n\t\t\t\t<\/div>\n\t\t\t\t<div class=\"elementor-element elementor-element-c1ad7c8 elementor-widget elementor-widget-heading\" data-id=\"c1ad7c8\" data-element_type=\"widget\" data-widget_type=\"heading.default\">\n\t\t\t\t<div class=\"elementor-widget-container\">\n\t\t\t<h2 class=\"elementor-heading-title elementor-size-default\">Red comercial<\/h2>\t\t<\/div>\n\t\t\t\t<\/div>\n\t\t\t\t<div class=\"elementor-element elementor-element-c94a5f1 elementor-widget elementor-widget-text-editor\" data-id=\"c94a5f1\" data-element_type=\"widget\" data-widget_type=\"text-editor.default\">\n\t\t\t\t<div class=\"elementor-widget-container\">\n\t\t\t\t\t\t\t<p class=\"p2\">Descubra nuestra red de ventas italiana y extranjera formada por colaboradores competentes y de gran confianza en el sector av\u00edcola.<br \/><br \/><br \/><\/p>\t\t\t\t\t\t<\/div>\n\t\t\t\t<\/div>\n\t\t\t\t<div class=\"elementor-element elementor-element-928b593 elementor-widget elementor-widget-image\" data-id=\"928b593\" data-element_type=\"widget\" data-widget_type=\"image.default\">\n\t\t\t\t<div class=\"elementor-widget-container\">\n\t\t\t\t\t\t\t\t\t\t\t\t\t\t\t\t<a href=\"https:\/\/www.cattaruzzi.com\/es\/rete-vendite\/\">\n\t\t\t\t\t\t\t<img decoding=\"async\" src=\"https:\/\/www.cattaruzzi.com\/wp-content\/uploads\/2020\/12\/freccia.svg\" class=\"elementor-animation-shrink attachment-full size-full wp-image-1566\" alt=\"\" \/>\t\t\t\t\t\t\t\t<\/a>\n\t\t\t\t\t\t\t\t\t\t\t\t\t\t\t<\/div>\n\t\t\t\t<\/div>\n\t\t\t\t\t<\/div>\n\t\t<\/div>\n\t\t\t\t<div class=\"elementor-column elementor-col-50 elementor-top-column elementor-element elementor-element-d81f2f0\" data-id=\"d81f2f0\" data-element_type=\"column\" data-settings=\"{&quot;background_background&quot;:&quot;classic&quot;}\">\n\t\t\t<div class=\"elementor-widget-wrap elementor-element-populated\">\n\t\t\t\t\t\t\t\t<div class=\"elementor-element elementor-element-f2cc1f7 elementor-widget elementor-widget-image\" data-id=\"f2cc1f7\" data-element_type=\"widget\" data-widget_type=\"image.default\">\n\t\t\t\t<div class=\"elementor-widget-container\">\n\t\t\t\t\t\t\t\t\t\t\t\t\t\t\t<img decoding=\"async\" width=\"1280\" height=\"800\" src=\"https:\/\/www.cattaruzzi.com\/wp-content\/uploads\/2021\/01\/catta.jpg\" class=\"attachment-twentytwenty-fullscreen size-twentytwenty-fullscreen wp-image-4465\" alt=\"catta\" srcset=\"https:\/\/www.cattaruzzi.com\/wp-content\/uploads\/2021\/01\/catta.jpg 1280w, https:\/\/www.cattaruzzi.com\/wp-content\/uploads\/2021\/01\/catta-300x188.jpg 300w, https:\/\/www.cattaruzzi.com\/wp-content\/uploads\/2021\/01\/catta-1024x640.jpg 1024w, https:\/\/www.cattaruzzi.com\/wp-content\/uploads\/2021\/01\/catta-768x480.jpg 768w, https:\/\/www.cattaruzzi.com\/wp-content\/uploads\/2021\/01\/catta-1200x750.jpg 1200w\" sizes=\"(max-width: 1280px) 100vw, 1280px\" \/>\t\t\t\t\t\t\t\t\t\t\t\t\t\t\t<\/div>\n\t\t\t\t<\/div>\n\t\t\t\t\t<\/div>\n\t\t<\/div>\n\t\t\t\t\t\t\t<\/div>\n\t\t<\/section>\n\t\t\t\t<section class=\"elementor-section elementor-top-section elementor-element elementor-element-7d4d0b45 elementor-section-content-top elementor-section-boxed elementor-section-height-default elementor-section-height-default\" data-id=\"7d4d0b45\" data-element_type=\"section\">\n\t\t\t\t\t\t<div class=\"elementor-container elementor-column-gap-no\">\n\t\t\t\t\t<div class=\"elementor-column elementor-col-50 elementor-top-column elementor-element elementor-element-6440ea1\" data-id=\"6440ea1\" data-element_type=\"column\" data-settings=\"{&quot;background_background&quot;:&quot;classic&quot;}\">\n\t\t\t<div class=\"elementor-widget-wrap elementor-element-populated\">\n\t\t\t\t\t\t\t\t<div class=\"elementor-element elementor-element-7652f4e2 elementor-widget elementor-widget-image\" data-id=\"7652f4e2\" data-element_type=\"widget\" data-widget_type=\"image.default\">\n\t\t\t\t<div class=\"elementor-widget-container\">\n\t\t\t\t\t\t\t\t\t\t\t\t\t\t\t<img decoding=\"async\" width=\"578\" height=\"300\" src=\"https:\/\/www.cattaruzzi.com\/wp-content\/uploads\/2020\/12\/storia.png\" class=\"attachment-full size-full wp-image-5650\" alt=\"\" srcset=\"https:\/\/www.cattaruzzi.com\/wp-content\/uploads\/2020\/12\/storia.png 578w, https:\/\/www.cattaruzzi.com\/wp-content\/uploads\/2020\/12\/storia-300x156.png 300w\" sizes=\"(max-width: 578px) 100vw, 578px\" \/>\t\t\t\t\t\t\t\t\t\t\t\t\t\t\t<\/div>\n\t\t\t\t<\/div>\n\t\t\t\t\t<\/div>\n\t\t<\/div>\n\t\t\t\t<div class=\"elementor-column elementor-col-50 elementor-top-column elementor-element elementor-element-3471ba10\" data-id=\"3471ba10\" data-element_type=\"column\" data-settings=\"{&quot;background_background&quot;:&quot;classic&quot;}\">\n\t\t\t<div class=\"elementor-widget-wrap elementor-element-populated\">\n\t\t\t\t\t\t\t\t<div class=\"elementor-element elementor-element-404fa8d elementor-widget elementor-widget-text-editor\" data-id=\"404fa8d\" data-element_type=\"widget\" data-widget_type=\"text-editor.default\">\n\t\t\t\t<div class=\"elementor-widget-container\">\n\t\t\t\t\t\t\t<p>EMPRESA<\/p>\t\t\t\t\t\t<\/div>\n\t\t\t\t<\/div>\n\t\t\t\t<div class=\"elementor-element elementor-element-5a924975 elementor-widget elementor-widget-heading\" data-id=\"5a924975\" data-element_type=\"widget\" data-widget_type=\"heading.default\">\n\t\t\t\t<div class=\"elementor-widget-container\">\n\t\t\t<h2 class=\"elementor-heading-title elementor-size-default\">Historia y sede de Italia<\/h2>\t\t<\/div>\n\t\t\t\t<\/div>\n\t\t\t\t<div class=\"elementor-element elementor-element-35ced654 elementor-widget elementor-widget-text-editor\" data-id=\"35ced654\" data-element_type=\"widget\" data-widget_type=\"text-editor.default\">\n\t\t\t\t<div class=\"elementor-widget-container\">\n\t\t\t\t\t\t\t<p class=\"p2\">Cuidamos al cliente desde 1956.<br \/>Descubra c\u00f3mo naci\u00f3 la empresa y c\u00f3mo se construye nuestra f\u00e1brica.<\/p>\t\t\t\t\t\t<\/div>\n\t\t\t\t<\/div>\n\t\t\t\t<div class=\"elementor-element elementor-element-7324d67 elementor-widget elementor-widget-image\" data-id=\"7324d67\" data-element_type=\"widget\" data-widget_type=\"image.default\">\n\t\t\t\t<div class=\"elementor-widget-container\">\n\t\t\t\t\t\t\t\t\t\t\t\t\t\t\t\t<a href=\"https:\/\/www.cattaruzzi.com\/es\/about-us\/\">\n\t\t\t\t\t\t\t<img decoding=\"async\" src=\"https:\/\/www.cattaruzzi.com\/wp-content\/uploads\/2020\/12\/freccia-rossa.svg\" class=\"elementor-animation-shrink attachment-full size-full wp-image-1575\" alt=\"\" \/>\t\t\t\t\t\t\t\t<\/a>\n\t\t\t\t\t\t\t\t\t\t\t\t\t\t\t<\/div>\n\t\t\t\t<\/div>\n\t\t\t\t\t<\/div>\n\t\t<\/div>\n\t\t\t\t\t\t\t<\/div>\n\t\t<\/section>\n\t\t\t\t<section class=\"elementor-section elementor-top-section elementor-element elementor-element-5fc8a180 elementor-section-content-top elementor-section-boxed elementor-section-height-default elementor-section-height-default\" data-id=\"5fc8a180\" data-element_type=\"section\">\n\t\t\t\t\t\t<div class=\"elementor-container elementor-column-gap-no\">\n\t\t\t\t\t<div class=\"elementor-column elementor-col-50 elementor-top-column elementor-element elementor-element-529822f5\" data-id=\"529822f5\" data-element_type=\"column\" data-settings=\"{&quot;background_background&quot;:&quot;classic&quot;}\">\n\t\t\t<div class=\"elementor-widget-wrap elementor-element-populated\">\n\t\t\t\t\t\t\t\t<div class=\"elementor-element elementor-element-61d9d602 elementor-widget elementor-widget-text-editor\" data-id=\"61d9d602\" data-element_type=\"widget\" data-widget_type=\"text-editor.default\">\n\t\t\t\t<div class=\"elementor-widget-container\">\n\t\t\t\t\t\t\t<p>EMPRESA<\/p>\t\t\t\t\t\t<\/div>\n\t\t\t\t<\/div>\n\t\t\t\t<div class=\"elementor-element elementor-element-559a0e68 elementor-widget elementor-widget-heading\" data-id=\"559a0e68\" data-element_type=\"widget\" data-widget_type=\"heading.default\">\n\t\t\t\t<div class=\"elementor-widget-container\">\n\t\t\t<h2 class=\"elementor-heading-title elementor-size-default\">Proyectos<\/h2>\t\t<\/div>\n\t\t\t\t<\/div>\n\t\t\t\t<div class=\"elementor-element elementor-element-7f9d4fc elementor-widget elementor-widget-text-editor\" data-id=\"7f9d4fc\" data-element_type=\"widget\" data-widget_type=\"text-editor.default\">\n\t\t\t\t<div class=\"elementor-widget-container\">\n\t\t\t\t\t\t\t<p class=\"p2\">Descubre todas las caracter\u00edsticas de algunos sistemas que hemos construido en los \u00faltimos a\u00f1os.<\/p>\t\t\t\t\t\t<\/div>\n\t\t\t\t<\/div>\n\t\t\t\t\t<\/div>\n\t\t<\/div>\n\t\t\t\t<div class=\"elementor-column elementor-col-50 elementor-top-column elementor-element elementor-element-515d95a0\" data-id=\"515d95a0\" data-element_type=\"column\" data-settings=\"{&quot;background_background&quot;:&quot;classic&quot;}\">\n\t\t\t<div class=\"elementor-widget-wrap elementor-element-populated\">\n\t\t\t\t\t\t\t\t<div class=\"elementor-element elementor-element-2fa8981a elementor-widget elementor-widget-image\" data-id=\"2fa8981a\" data-element_type=\"widget\" data-widget_type=\"image.default\">\n\t\t\t\t<div class=\"elementor-widget-container\">\n\t\t\t\t\t\t\t\t\t\t\t\t\t\t\t\t<a href=\"https:\/\/www.cattaruzzi.com\/progetti\/\">\n\t\t\t\t\t\t\t<img loading=\"lazy\" decoding=\"async\" width=\"620\" height=\"302\" src=\"https:\/\/www.cattaruzzi.com\/wp-content\/uploads\/2020\/12\/progetti-1.png\" class=\"attachment-full size-full wp-image-1493\" alt=\"\" srcset=\"https:\/\/www.cattaruzzi.com\/wp-content\/uploads\/2020\/12\/progetti-1.png 620w, https:\/\/www.cattaruzzi.com\/wp-content\/uploads\/2020\/12\/progetti-1-300x146.png 300w\" sizes=\"(max-width: 620px) 100vw, 620px\" \/>\t\t\t\t\t\t\t\t<\/a>\n\t\t\t\t\t\t\t\t\t\t\t\t\t\t\t<\/div>\n\t\t\t\t<\/div>\n\t\t\t\t<div class=\"elementor-element elementor-element-e4aa5ce elementor-widget elementor-widget-image\" data-id=\"e4aa5ce\" data-element_type=\"widget\" data-widget_type=\"image.default\">\n\t\t\t\t<div class=\"elementor-widget-container\">\n\t\t\t\t\t\t\t\t\t\t\t\t\t\t\t\t<a href=\"https:\/\/www.cattaruzzi.com\/es\/progetti\/\">\n\t\t\t\t\t\t\t<img decoding=\"async\" src=\"https:\/\/www.cattaruzzi.com\/wp-content\/uploads\/2020\/12\/freccia.svg\" class=\"elementor-animation-shrink attachment-full size-full wp-image-1566\" alt=\"\" \/>\t\t\t\t\t\t\t\t<\/a>\n\t\t\t\t\t\t\t\t\t\t\t\t\t\t\t<\/div>\n\t\t\t\t<\/div>\n\t\t\t\t\t<\/div>\n\t\t<\/div>\n\t\t\t\t\t\t\t<\/div>\n\t\t<\/section>\n\t\t\t\t\t\t\t<\/div>\n\t\t","protected":false},"excerpt":{"rendered":"<p>EMPRESASOBRE NOSOTROS EMPRESASOBRE NOSOTROS QUIENES SOMOS Tradici\u00f3n e innovaci\u00f3n italiana desde 1956 Cattaruzzi es sin\u00f3nimo de garant\u00eda, fiabilidad e innovaci\u00f3n.Dise\u00f1amos, construimos e instalamos equipos para plantas de sacrificio de pollos desde 1956. Acompa\u00f1amos a nuestros clientes en cada elecci\u00f3n y tratamos de crear una relaci\u00f3n de beneficio para ambos. EMPRESA Red comercial Descubra nuestra red [&hellip;]<\/p>\n","protected":false},"author":1,"featured_media":0,"parent":0,"menu_order":0,"comment_status":"closed","ping_status":"closed","template":"elementor_header_footer","meta":[],"_links":{"self":[{"href":"https:\/\/www.cattaruzzi.com\/es\/wp-json\/wp\/v2\/pages\/4838"}],"collection":[{"href":"https:\/\/www.cattaruzzi.com\/es\/wp-json\/wp\/v2\/pages"}],"about":[{"href":"https:\/\/www.cattaruzzi.com\/es\/wp-json\/wp\/v2\/types\/page"}],"author":[{"embeddable":true,"href":"https:\/\/www.cattaruzzi.com\/es\/wp-json\/wp\/v2\/users\/1"}],"replies":[{"embeddable":true,"href":"https:\/\/www.cattaruzzi.com\/es\/wp-json\/wp\/v2\/comments?post=4838"}],"version-history":[{"count":17,"href":"https:\/\/www.cattaruzzi.com\/es\/wp-json\/wp\/v2\/pages\/4838\/revisions"}],"predecessor-version":[{"id":13212,"href":"https:\/\/www.cattaruzzi.com\/es\/wp-json\/wp\/v2\/pages\/4838\/revisions\/13212"}],"wp:attachment":[{"href":"https:\/\/www.cattaruzzi.com\/es\/wp-json\/wp\/v2\/media?parent=4838"}],"curies":[{"name":"wp","href":"https:\/\/api.w.org\/{rel}","templated":true}]}}